{"id":1259,"date":"2025-09-16T09:31:36","date_gmt":"2025-09-16T09:31:36","guid":{"rendered":"https:\/\/volumica.it\/?post_type=product&#038;p=1259"},"modified":"2025-10-05T01:00:22","modified_gmt":"2025-10-05T01:00:22","slug":"origami-lampada","status":"publish","type":"product","link":"https:\/\/volumica.it\/index.php\/prodotto\/origami-lampada\/","title":{"rendered":"Origami &#8211; lampada"},"content":{"rendered":"<h3 data-start=\"1709\" data-end=\"1740\">Caratteristiche principali:<\/h3>\n<p data-start=\"1742\" data-end=\"1934\"><strong data-start=\"1742\" data-end=\"1756\">Materiale:<\/strong> PLA<br data-start=\"1760\" data-end=\"1763\" \/><strong data-start=\"1763\" data-end=\"1778\">Tecnologia:<\/strong> Stampa 3D FDM<br data-start=\"1792\" data-end=\"1795\" \/><strong data-start=\"1795\" data-end=\"1810\">Dimensioni:<\/strong> 160 x 160 x 185 mm<br data-start=\"1829\" data-end=\"1832\" \/><strong data-start=\"1832\" data-end=\"1841\">Peso:<\/strong> 420g<br data-start=\"1846\" data-end=\"1849\" \/><strong data-start=\"1849\" data-end=\"1860\">Design:<\/strong> Geometrie pieghevoli stile origami<br data-start=\"1895\" data-end=\"1898\" \/><strong data-start=\"1898\" data-end=\"1916\">Illuminazione:<\/strong> LUCE INCLUSA<\/p>\n<h3 data-start=\"1936\" data-end=\"1958\">Perch\u00e9 sceglierla:<\/h3>\n<p dir=\"auto\">Piega la luce in forme poetiche e delicate: LAMPADA ORIGAMI, la versione piccola di un capolavoro di pieghe e ombre, che evoca l&#8217;arte giapponese per un&#8217;illuminazione intima e raffinata. Perfetta per comodini, scaffali o tavoli da caff\u00e8, questa lampada \u00e8 l&#8217;essenza del minimalismo luminoso per chi apprezza il design che racconta storie. \u00c8 il tocco zen che calma l&#8217;anima.<\/p>\n<p dir=\"auto\">Lampada origami piccola, che crea pattern di luce e ombra giocosi, diffondendo un bagliore caldo e personalizzabile. Realizzata per un uso domestico versatile, \u00e8 ideale per letture serali o momenti di relax.<\/p>\n<p>&nbsp;<\/p>\n","protected":false},"excerpt":{"rendered":"<h3 data-start=\"80\" data-end=\"116\"><strong data-start=\"1447\" data-end=\"1465\">Lampada Origami<\/strong><\/h3>\n<p data-start=\"117\" data-end=\"443\">Con le sue pieghe nette e simmetrie precise, la <strong data-start=\"2189\" data-end=\"2208\">Lampada Origami<\/strong> sembra uscita da un foglio modellato a mano. Stampata in PLA, unisce estetica giapponese e tecnologia moderna. Dona eleganza e luce ovattata in ogni stanza.<\/p>\n<p>&nbsp;<\/p>\n<p class=\"p1\">FDM \u2022 PLA<\/p>\n","protected":false},"featured_media":1551,"comment_status":"open","ping_status":"closed","template":"","meta":[],"product_brand":[],"product_cat":[65],"product_tag":[79,78],"class_list":{"0":"post-1259","1":"product","2":"type-product","3":"status-publish","4":"has-post-thumbnail","6":"product_cat-lampade-e-illuminazione","7":"product_tag-illuminazione","8":"product_tag-lampada","10":"first","11":"instock","12":"taxable","13":"shipping-taxable","14":"purchasable","15":"product-type-simple"},"yoast_head":"<!-- This site is optimized with the Yoast SEO plugin v27.4 - https:\/\/yoast.com\/product\/yoast-seo-wordpress\/ -->\n<title>Origami - lampada - Volumica<\/title>\n<meta name=\"robots\" content=\"index, follow, max-snippet:-1, max-image-preview:large, max-video-preview:-1\" \/>\n<link rel=\"canonical\" href=\"https:\/\/volumica.it\/index.php\/prodotto\/origami-lampada\/\" \/>\n<meta property=\"og:locale\" content=\"it_IT\" \/>\n<meta property=\"og:type\" content=\"article\" \/>\n<meta property=\"og:title\" content=\"Origami - lampada - Volumica\" \/>\n<meta property=\"og:description\" content=\"Lampada Origami Con le sue pieghe nette e simmetrie precise, la Lampada Origami sembra uscita da un foglio modellato a mano. Stampata in PLA, unisce estetica giapponese e tecnologia moderna. Dona eleganza e luce ovattata in ogni stanza. &nbsp; FDM \u2022 PLA\" \/>\n<meta property=\"og:url\" content=\"https:\/\/volumica.it\/index.php\/prodotto\/origami-lampada\/\" \/>\n<meta property=\"og:site_name\" content=\"Volumica\" \/>\n<meta property=\"article:modified_time\" content=\"2025-10-05T01:00:22+00:00\" \/>\n<meta property=\"og:image\" content=\"https:\/\/volumica.it\/wp-content\/uploads\/2025\/09\/1-1.png\" \/>\n\t<meta property=\"og:image:width\" content=\"800\" \/>\n\t<meta property=\"og:image:height\" content=\"800\" \/>\n\t<meta property=\"og:image:type\" content=\"image\/png\" \/>\n<meta name=\"twitter:card\" content=\"summary_large_image\" \/>\n<meta name=\"twitter:label1\" content=\"Tempo di lettura stimato\" \/>\n\t<meta name=\"twitter:data1\" content=\"1 minuto\" \/>\n<script type=\"application\/ld+json\" class=\"yoast-schema-graph\">{\"@context\":\"https:\\\/\\\/schema.org\",\"@graph\":[{\"@type\":\"WebPage\",\"@id\":\"https:\\\/\\\/volumica.it\\\/index.php\\\/prodotto\\\/origami-lampada\\\/\",\"url\":\"https:\\\/\\\/volumica.it\\\/index.php\\\/prodotto\\\/origami-lampada\\\/\",\"name\":\"Origami - lampada - Volumica\",\"isPartOf\":{\"@id\":\"https:\\\/\\\/volumica.it\\\/#website\"},\"primaryImageOfPage\":{\"@id\":\"https:\\\/\\\/volumica.it\\\/index.php\\\/prodotto\\\/origami-lampada\\\/#primaryimage\"},\"image\":{\"@id\":\"https:\\\/\\\/volumica.it\\\/index.php\\\/prodotto\\\/origami-lampada\\\/#primaryimage\"},\"thumbnailUrl\":\"https:\\\/\\\/volumica.it\\\/wp-content\\\/uploads\\\/2025\\\/09\\\/1-1.png\",\"datePublished\":\"2025-09-16T09:31:36+00:00\",\"dateModified\":\"2025-10-05T01:00:22+00:00\",\"breadcrumb\":{\"@id\":\"https:\\\/\\\/volumica.it\\\/index.php\\\/prodotto\\\/origami-lampada\\\/#breadcrumb\"},\"inLanguage\":\"it-IT\",\"potentialAction\":[{\"@type\":\"ReadAction\",\"target\":[\"https:\\\/\\\/volumica.it\\\/index.php\\\/prodotto\\\/origami-lampada\\\/\"]}]},{\"@type\":\"ImageObject\",\"inLanguage\":\"it-IT\",\"@id\":\"https:\\\/\\\/volumica.it\\\/index.php\\\/prodotto\\\/origami-lampada\\\/#primaryimage\",\"url\":\"https:\\\/\\\/volumica.it\\\/wp-content\\\/uploads\\\/2025\\\/09\\\/1-1.png\",\"contentUrl\":\"https:\\\/\\\/volumica.it\\\/wp-content\\\/uploads\\\/2025\\\/09\\\/1-1.png\",\"width\":800,\"height\":800},{\"@type\":\"BreadcrumbList\",\"@id\":\"https:\\\/\\\/volumica.it\\\/index.php\\\/prodotto\\\/origami-lampada\\\/#breadcrumb\",\"itemListElement\":[{\"@type\":\"ListItem\",\"position\":1,\"name\":\"Home\",\"item\":\"https:\\\/\\\/volumica.it\\\/\"},{\"@type\":\"ListItem\",\"position\":2,\"name\":\"Negozio\",\"item\":\"https:\\\/\\\/volumica.it\\\/index.php\\\/negozio\\\/\"},{\"@type\":\"ListItem\",\"position\":3,\"name\":\"Origami &#8211; lampada\"}]},{\"@type\":\"WebSite\",\"@id\":\"https:\\\/\\\/volumica.it\\\/#website\",\"url\":\"https:\\\/\\\/volumica.it\\\/\",\"name\":\"Volumica\",\"description\":\"3D LIFESTYLE\",\"publisher\":{\"@id\":\"https:\\\/\\\/volumica.it\\\/#organization\"},\"potentialAction\":[{\"@type\":\"SearchAction\",\"target\":{\"@type\":\"EntryPoint\",\"urlTemplate\":\"https:\\\/\\\/volumica.it\\\/?s={search_term_string}\"},\"query-input\":{\"@type\":\"PropertyValueSpecification\",\"valueRequired\":true,\"valueName\":\"search_term_string\"}}],\"inLanguage\":\"it-IT\"},{\"@type\":\"Organization\",\"@id\":\"https:\\\/\\\/volumica.it\\\/#organization\",\"name\":\"Volumica\",\"url\":\"https:\\\/\\\/volumica.it\\\/\",\"logo\":{\"@type\":\"ImageObject\",\"inLanguage\":\"it-IT\",\"@id\":\"https:\\\/\\\/volumica.it\\\/#\\\/schema\\\/logo\\\/image\\\/\",\"url\":\"https:\\\/\\\/volumica.it\\\/wp-content\\\/uploads\\\/2025\\\/07\\\/volumica-bianco.png\",\"contentUrl\":\"https:\\\/\\\/volumica.it\\\/wp-content\\\/uploads\\\/2025\\\/07\\\/volumica-bianco.png\",\"width\":2026,\"height\":588,\"caption\":\"Volumica\"},\"image\":{\"@id\":\"https:\\\/\\\/volumica.it\\\/#\\\/schema\\\/logo\\\/image\\\/\"}}]}<\/script>\n<!-- \/ Yoast SEO plugin. -->","yoast_head_json":{"title":"Origami - lampada - Volumica","robots":{"index":"index","follow":"follow","max-snippet":"max-snippet:-1","max-image-preview":"max-image-preview:large","max-video-preview":"max-video-preview:-1"},"canonical":"https:\/\/volumica.it\/index.php\/prodotto\/origami-lampada\/","og_locale":"it_IT","og_type":"article","og_title":"Origami - lampada - Volumica","og_description":"Lampada Origami Con le sue pieghe nette e simmetrie precise, la Lampada Origami sembra uscita da un foglio modellato a mano. Stampata in PLA, unisce estetica giapponese e tecnologia moderna. Dona eleganza e luce ovattata in ogni stanza. &nbsp; FDM \u2022 PLA","og_url":"https:\/\/volumica.it\/index.php\/prodotto\/origami-lampada\/","og_site_name":"Volumica","article_modified_time":"2025-10-05T01:00:22+00:00","og_image":[{"width":800,"height":800,"url":"https:\/\/volumica.it\/wp-content\/uploads\/2025\/09\/1-1.png","type":"image\/png"}],"twitter_card":"summary_large_image","twitter_misc":{"Tempo di lettura stimato":"1 minuto"},"schema":{"@context":"https:\/\/schema.org","@graph":[{"@type":"WebPage","@id":"https:\/\/volumica.it\/index.php\/prodotto\/origami-lampada\/","url":"https:\/\/volumica.it\/index.php\/prodotto\/origami-lampada\/","name":"Origami - lampada - Volumica","isPartOf":{"@id":"https:\/\/volumica.it\/#website"},"primaryImageOfPage":{"@id":"https:\/\/volumica.it\/index.php\/prodotto\/origami-lampada\/#primaryimage"},"image":{"@id":"https:\/\/volumica.it\/index.php\/prodotto\/origami-lampada\/#primaryimage"},"thumbnailUrl":"https:\/\/volumica.it\/wp-content\/uploads\/2025\/09\/1-1.png","datePublished":"2025-09-16T09:31:36+00:00","dateModified":"2025-10-05T01:00:22+00:00","breadcrumb":{"@id":"https:\/\/volumica.it\/index.php\/prodotto\/origami-lampada\/#breadcrumb"},"inLanguage":"it-IT","potentialAction":[{"@type":"ReadAction","target":["https:\/\/volumica.it\/index.php\/prodotto\/origami-lampada\/"]}]},{"@type":"ImageObject","inLanguage":"it-IT","@id":"https:\/\/volumica.it\/index.php\/prodotto\/origami-lampada\/#primaryimage","url":"https:\/\/volumica.it\/wp-content\/uploads\/2025\/09\/1-1.png","contentUrl":"https:\/\/volumica.it\/wp-content\/uploads\/2025\/09\/1-1.png","width":800,"height":800},{"@type":"BreadcrumbList","@id":"https:\/\/volumica.it\/index.php\/prodotto\/origami-lampada\/#breadcrumb","itemListElement":[{"@type":"ListItem","position":1,"name":"Home","item":"https:\/\/volumica.it\/"},{"@type":"ListItem","position":2,"name":"Negozio","item":"https:\/\/volumica.it\/index.php\/negozio\/"},{"@type":"ListItem","position":3,"name":"Origami &#8211; lampada"}]},{"@type":"WebSite","@id":"https:\/\/volumica.it\/#website","url":"https:\/\/volumica.it\/","name":"Volumica","description":"3D LIFESTYLE","publisher":{"@id":"https:\/\/volumica.it\/#organization"},"potentialAction":[{"@type":"SearchAction","target":{"@type":"EntryPoint","urlTemplate":"https:\/\/volumica.it\/?s={search_term_string}"},"query-input":{"@type":"PropertyValueSpecification","valueRequired":true,"valueName":"search_term_string"}}],"inLanguage":"it-IT"},{"@type":"Organization","@id":"https:\/\/volumica.it\/#organization","name":"Volumica","url":"https:\/\/volumica.it\/","logo":{"@type":"ImageObject","inLanguage":"it-IT","@id":"https:\/\/volumica.it\/#\/schema\/logo\/image\/","url":"https:\/\/volumica.it\/wp-content\/uploads\/2025\/07\/volumica-bianco.png","contentUrl":"https:\/\/volumica.it\/wp-content\/uploads\/2025\/07\/volumica-bianco.png","width":2026,"height":588,"caption":"Volumica"},"image":{"@id":"https:\/\/volumica.it\/#\/schema\/logo\/image\/"}}]}},"jetpack_sharing_enabled":true,"_links":{"self":[{"href":"https:\/\/volumica.it\/index.php\/wp-json\/wp\/v2\/product\/1259","targetHints":{"allow":["GET"]}}],"collection":[{"href":"https:\/\/volumica.it\/index.php\/wp-json\/wp\/v2\/product"}],"about":[{"href":"https:\/\/volumica.it\/index.php\/wp-json\/wp\/v2\/types\/product"}],"replies":[{"embeddable":true,"href":"https:\/\/volumica.it\/index.php\/wp-json\/wp\/v2\/comments?post=1259"}],"wp:featuredmedia":[{"embeddable":true,"href":"https:\/\/volumica.it\/index.php\/wp-json\/wp\/v2\/media\/1551"}],"wp:attachment":[{"href":"https:\/\/volumica.it\/index.php\/wp-json\/wp\/v2\/media?parent=1259"}],"wp:term":[{"taxonomy":"product_brand","embeddable":true,"href":"https:\/\/volumica.it\/index.php\/wp-json\/wp\/v2\/product_brand?post=1259"},{"taxonomy":"product_cat","embeddable":true,"href":"https:\/\/volumica.it\/index.php\/wp-json\/wp\/v2\/product_cat?post=1259"},{"taxonomy":"product_tag","embeddable":true,"href":"https:\/\/volumica.it\/index.php\/wp-json\/wp\/v2\/product_tag?post=1259"}],"curies":[{"name":"wp","href":"https:\/\/api.w.org\/{rel}","templated":true}]}}