{"id":1267,"date":"2025-09-16T10:18:40","date_gmt":"2025-09-16T10:18:40","guid":{"rendered":"https:\/\/volumica.it\/?post_type=product&#038;p=1267"},"modified":"2025-10-20T21:30:21","modified_gmt":"2025-10-20T21:30:21","slug":"sweep-vaso","status":"publish","type":"product","link":"https:\/\/volumica.it\/index.php\/prodotto\/sweep-vaso\/","title":{"rendered":"Sweep \u2013 Vaso"},"content":{"rendered":"<h3 data-start=\"1509\" data-end=\"1540\">Caratteristiche principali:<\/h3>\n<p data-start=\"1542\" data-end=\"1731\"><strong data-start=\"1542\" data-end=\"1556\">Materiale:<\/strong> PLA<br data-start=\"1560\" data-end=\"1563\" \/><strong data-start=\"1563\" data-end=\"1578\">Tecnologia:<\/strong> Stampa 3D FDM<br data-start=\"1592\" data-end=\"1595\" \/><strong data-start=\"1595\" data-end=\"1610\">Dimensioni:<\/strong> 140 x 140 x 200 mm (Diametro 123 mm)<br data-start=\"1647\" data-end=\"1650\" \/><strong data-start=\"1650\" data-end=\"1659\">Peso:<\/strong> 300g<br data-start=\"1664\" data-end=\"1667\" \/><strong data-start=\"1667\" data-end=\"1678\">Colore:<\/strong> Verde brillante<br data-start=\"1694\" data-end=\"1697\" \/><strong data-start=\"1697\" data-end=\"1708\">Design:<\/strong> Linee fluide e morbide<\/p>\n<h3 data-start=\"1733\" data-end=\"1755\">Perch\u00e9 sceglierlo:<\/h3>\n<p dir=\"auto\">Spazza via la noia dal tuo verde: VASO SWEEP, il vaso verde con linee fluide che &#8220;spazzano&#8221; lo spazio per un effetto dinamico e fresco. Perfetto per tavoli o mensole, \u00e8 il vaso che fa respirare le tue piante con stile. Ideale per fiori recisi o piante finte d&#8217;arredo.<\/p>\n<p data-start=\"1759\" data-end=\"1793\">Elegante vaso per piante e fiori<\/p>\n<p data-start=\"1796\" data-end=\"1836\">Colore vivace, che illumina l\u2019ambiente<\/p>\n<p data-start=\"1839\" data-end=\"1871\">Robusto e resistente nel tempo<\/p>\n<h3 data-start=\"1903\" data-end=\"1928\"><\/h3>\n","protected":false},"excerpt":{"rendered":"<h3 data-start=\"80\" data-end=\"116\"><strong data-start=\"1976\" data-end=\"1990\">Vaso Sweep<\/strong><\/h3>\n<p data-start=\"117\" data-end=\"443\">Con il suo verde acceso e le linee fluide, il <strong data-start=\"1976\" data-end=\"1990\">Vaso Sweep<\/strong> \u00e8 perfetto per aggiungere freschezza e vitalit\u00e0 alla casa. Stampato in PLA, \u00e8 leggero ma solido, ideale sia per piante che come complemento decorativo.<\/p>\n<p>&nbsp;<\/p>\n<p class=\"p1\">FDM \u2022 PLA<\/p>\n","protected":false},"featured_media":1348,"comment_status":"open","ping_status":"closed","template":"","meta":[],"product_brand":[],"product_cat":[61],"product_tag":[74],"class_list":{"0":"post-1267","1":"product","2":"type-product","3":"status-publish","4":"has-post-thumbnail","6":"product_cat-arredo-design","7":"product_tag-vaso","9":"first","10":"instock","11":"taxable","12":"shipping-taxable","13":"purchasable","14":"product-type-simple"},"yoast_head":"<!-- This site is optimized with the Yoast SEO plugin v27.4 - https:\/\/yoast.com\/product\/yoast-seo-wordpress\/ -->\n<title>Sweep \u2013 Vaso - Volumica<\/title>\n<meta name=\"robots\" content=\"index, follow, max-snippet:-1, max-image-preview:large, max-video-preview:-1\" \/>\n<link rel=\"canonical\" href=\"https:\/\/volumica.it\/index.php\/prodotto\/sweep-vaso\/\" \/>\n<meta property=\"og:locale\" content=\"it_IT\" \/>\n<meta property=\"og:type\" content=\"article\" \/>\n<meta property=\"og:title\" content=\"Sweep \u2013 Vaso - Volumica\" \/>\n<meta property=\"og:description\" content=\"Vaso Sweep Con il suo verde acceso e le linee fluide, il Vaso Sweep \u00e8 perfetto per aggiungere freschezza e vitalit\u00e0 alla casa. Stampato in PLA, \u00e8 leggero ma solido, ideale sia per piante che come complemento decorativo. &nbsp; FDM \u2022 PLA\" \/>\n<meta property=\"og:url\" content=\"https:\/\/volumica.it\/index.php\/prodotto\/sweep-vaso\/\" \/>\n<meta property=\"og:site_name\" content=\"Volumica\" \/>\n<meta property=\"article:modified_time\" content=\"2025-10-20T21:30:21+00:00\" \/>\n<meta property=\"og:image\" content=\"https:\/\/volumica.it\/wp-content\/uploads\/2025\/09\/16.png\" \/>\n\t<meta property=\"og:image:width\" content=\"800\" \/>\n\t<meta property=\"og:image:height\" content=\"800\" \/>\n\t<meta property=\"og:image:type\" content=\"image\/png\" \/>\n<meta name=\"twitter:card\" content=\"summary_large_image\" \/>\n<meta name=\"twitter:label1\" content=\"Tempo di lettura stimato\" \/>\n\t<meta name=\"twitter:data1\" content=\"1 minuto\" \/>\n<script type=\"application\/ld+json\" class=\"yoast-schema-graph\">{\"@context\":\"https:\\\/\\\/schema.org\",\"@graph\":[{\"@type\":\"WebPage\",\"@id\":\"https:\\\/\\\/volumica.it\\\/index.php\\\/prodotto\\\/sweep-vaso\\\/\",\"url\":\"https:\\\/\\\/volumica.it\\\/index.php\\\/prodotto\\\/sweep-vaso\\\/\",\"name\":\"Sweep \u2013 Vaso - Volumica\",\"isPartOf\":{\"@id\":\"https:\\\/\\\/volumica.it\\\/#website\"},\"primaryImageOfPage\":{\"@id\":\"https:\\\/\\\/volumica.it\\\/index.php\\\/prodotto\\\/sweep-vaso\\\/#primaryimage\"},\"image\":{\"@id\":\"https:\\\/\\\/volumica.it\\\/index.php\\\/prodotto\\\/sweep-vaso\\\/#primaryimage\"},\"thumbnailUrl\":\"https:\\\/\\\/volumica.it\\\/wp-content\\\/uploads\\\/2025\\\/09\\\/16.png\",\"datePublished\":\"2025-09-16T10:18:40+00:00\",\"dateModified\":\"2025-10-20T21:30:21+00:00\",\"breadcrumb\":{\"@id\":\"https:\\\/\\\/volumica.it\\\/index.php\\\/prodotto\\\/sweep-vaso\\\/#breadcrumb\"},\"inLanguage\":\"it-IT\",\"potentialAction\":[{\"@type\":\"ReadAction\",\"target\":[\"https:\\\/\\\/volumica.it\\\/index.php\\\/prodotto\\\/sweep-vaso\\\/\"]}]},{\"@type\":\"ImageObject\",\"inLanguage\":\"it-IT\",\"@id\":\"https:\\\/\\\/volumica.it\\\/index.php\\\/prodotto\\\/sweep-vaso\\\/#primaryimage\",\"url\":\"https:\\\/\\\/volumica.it\\\/wp-content\\\/uploads\\\/2025\\\/09\\\/16.png\",\"contentUrl\":\"https:\\\/\\\/volumica.it\\\/wp-content\\\/uploads\\\/2025\\\/09\\\/16.png\",\"width\":800,\"height\":800},{\"@type\":\"BreadcrumbList\",\"@id\":\"https:\\\/\\\/volumica.it\\\/index.php\\\/prodotto\\\/sweep-vaso\\\/#breadcrumb\",\"itemListElement\":[{\"@type\":\"ListItem\",\"position\":1,\"name\":\"Home\",\"item\":\"https:\\\/\\\/volumica.it\\\/\"},{\"@type\":\"ListItem\",\"position\":2,\"name\":\"Negozio\",\"item\":\"https:\\\/\\\/volumica.it\\\/index.php\\\/negozio\\\/\"},{\"@type\":\"ListItem\",\"position\":3,\"name\":\"Sweep \u2013 Vaso\"}]},{\"@type\":\"WebSite\",\"@id\":\"https:\\\/\\\/volumica.it\\\/#website\",\"url\":\"https:\\\/\\\/volumica.it\\\/\",\"name\":\"Volumica\",\"description\":\"3D LIFESTYLE\",\"publisher\":{\"@id\":\"https:\\\/\\\/volumica.it\\\/#organization\"},\"potentialAction\":[{\"@type\":\"SearchAction\",\"target\":{\"@type\":\"EntryPoint\",\"urlTemplate\":\"https:\\\/\\\/volumica.it\\\/?s={search_term_string}\"},\"query-input\":{\"@type\":\"PropertyValueSpecification\",\"valueRequired\":true,\"valueName\":\"search_term_string\"}}],\"inLanguage\":\"it-IT\"},{\"@type\":\"Organization\",\"@id\":\"https:\\\/\\\/volumica.it\\\/#organization\",\"name\":\"Volumica\",\"url\":\"https:\\\/\\\/volumica.it\\\/\",\"logo\":{\"@type\":\"ImageObject\",\"inLanguage\":\"it-IT\",\"@id\":\"https:\\\/\\\/volumica.it\\\/#\\\/schema\\\/logo\\\/image\\\/\",\"url\":\"https:\\\/\\\/volumica.it\\\/wp-content\\\/uploads\\\/2025\\\/07\\\/volumica-bianco.png\",\"contentUrl\":\"https:\\\/\\\/volumica.it\\\/wp-content\\\/uploads\\\/2025\\\/07\\\/volumica-bianco.png\",\"width\":2026,\"height\":588,\"caption\":\"Volumica\"},\"image\":{\"@id\":\"https:\\\/\\\/volumica.it\\\/#\\\/schema\\\/logo\\\/image\\\/\"}}]}<\/script>\n<!-- \/ Yoast SEO plugin. -->","yoast_head_json":{"title":"Sweep \u2013 Vaso - Volumica","robots":{"index":"index","follow":"follow","max-snippet":"max-snippet:-1","max-image-preview":"max-image-preview:large","max-video-preview":"max-video-preview:-1"},"canonical":"https:\/\/volumica.it\/index.php\/prodotto\/sweep-vaso\/","og_locale":"it_IT","og_type":"article","og_title":"Sweep \u2013 Vaso - Volumica","og_description":"Vaso Sweep Con il suo verde acceso e le linee fluide, il Vaso Sweep \u00e8 perfetto per aggiungere freschezza e vitalit\u00e0 alla casa. Stampato in PLA, \u00e8 leggero ma solido, ideale sia per piante che come complemento decorativo. &nbsp; FDM \u2022 PLA","og_url":"https:\/\/volumica.it\/index.php\/prodotto\/sweep-vaso\/","og_site_name":"Volumica","article_modified_time":"2025-10-20T21:30:21+00:00","og_image":[{"width":800,"height":800,"url":"https:\/\/volumica.it\/wp-content\/uploads\/2025\/09\/16.png","type":"image\/png"}],"twitter_card":"summary_large_image","twitter_misc":{"Tempo di lettura stimato":"1 minuto"},"schema":{"@context":"https:\/\/schema.org","@graph":[{"@type":"WebPage","@id":"https:\/\/volumica.it\/index.php\/prodotto\/sweep-vaso\/","url":"https:\/\/volumica.it\/index.php\/prodotto\/sweep-vaso\/","name":"Sweep \u2013 Vaso - Volumica","isPartOf":{"@id":"https:\/\/volumica.it\/#website"},"primaryImageOfPage":{"@id":"https:\/\/volumica.it\/index.php\/prodotto\/sweep-vaso\/#primaryimage"},"image":{"@id":"https:\/\/volumica.it\/index.php\/prodotto\/sweep-vaso\/#primaryimage"},"thumbnailUrl":"https:\/\/volumica.it\/wp-content\/uploads\/2025\/09\/16.png","datePublished":"2025-09-16T10:18:40+00:00","dateModified":"2025-10-20T21:30:21+00:00","breadcrumb":{"@id":"https:\/\/volumica.it\/index.php\/prodotto\/sweep-vaso\/#breadcrumb"},"inLanguage":"it-IT","potentialAction":[{"@type":"ReadAction","target":["https:\/\/volumica.it\/index.php\/prodotto\/sweep-vaso\/"]}]},{"@type":"ImageObject","inLanguage":"it-IT","@id":"https:\/\/volumica.it\/index.php\/prodotto\/sweep-vaso\/#primaryimage","url":"https:\/\/volumica.it\/wp-content\/uploads\/2025\/09\/16.png","contentUrl":"https:\/\/volumica.it\/wp-content\/uploads\/2025\/09\/16.png","width":800,"height":800},{"@type":"BreadcrumbList","@id":"https:\/\/volumica.it\/index.php\/prodotto\/sweep-vaso\/#breadcrumb","itemListElement":[{"@type":"ListItem","position":1,"name":"Home","item":"https:\/\/volumica.it\/"},{"@type":"ListItem","position":2,"name":"Negozio","item":"https:\/\/volumica.it\/index.php\/negozio\/"},{"@type":"ListItem","position":3,"name":"Sweep \u2013 Vaso"}]},{"@type":"WebSite","@id":"https:\/\/volumica.it\/#website","url":"https:\/\/volumica.it\/","name":"Volumica","description":"3D LIFESTYLE","publisher":{"@id":"https:\/\/volumica.it\/#organization"},"potentialAction":[{"@type":"SearchAction","target":{"@type":"EntryPoint","urlTemplate":"https:\/\/volumica.it\/?s={search_term_string}"},"query-input":{"@type":"PropertyValueSpecification","valueRequired":true,"valueName":"search_term_string"}}],"inLanguage":"it-IT"},{"@type":"Organization","@id":"https:\/\/volumica.it\/#organization","name":"Volumica","url":"https:\/\/volumica.it\/","logo":{"@type":"ImageObject","inLanguage":"it-IT","@id":"https:\/\/volumica.it\/#\/schema\/logo\/image\/","url":"https:\/\/volumica.it\/wp-content\/uploads\/2025\/07\/volumica-bianco.png","contentUrl":"https:\/\/volumica.it\/wp-content\/uploads\/2025\/07\/volumica-bianco.png","width":2026,"height":588,"caption":"Volumica"},"image":{"@id":"https:\/\/volumica.it\/#\/schema\/logo\/image\/"}}]}},"jetpack_sharing_enabled":true,"_links":{"self":[{"href":"https:\/\/volumica.it\/index.php\/wp-json\/wp\/v2\/product\/1267","targetHints":{"allow":["GET"]}}],"collection":[{"href":"https:\/\/volumica.it\/index.php\/wp-json\/wp\/v2\/product"}],"about":[{"href":"https:\/\/volumica.it\/index.php\/wp-json\/wp\/v2\/types\/product"}],"replies":[{"embeddable":true,"href":"https:\/\/volumica.it\/index.php\/wp-json\/wp\/v2\/comments?post=1267"}],"wp:featuredmedia":[{"embeddable":true,"href":"https:\/\/volumica.it\/index.php\/wp-json\/wp\/v2\/media\/1348"}],"wp:attachment":[{"href":"https:\/\/volumica.it\/index.php\/wp-json\/wp\/v2\/media?parent=1267"}],"wp:term":[{"taxonomy":"product_brand","embeddable":true,"href":"https:\/\/volumica.it\/index.php\/wp-json\/wp\/v2\/product_brand?post=1267"},{"taxonomy":"product_cat","embeddable":true,"href":"https:\/\/volumica.it\/index.php\/wp-json\/wp\/v2\/product_cat?post=1267"},{"taxonomy":"product_tag","embeddable":true,"href":"https:\/\/volumica.it\/index.php\/wp-json\/wp\/v2\/product_tag?post=1267"}],"curies":[{"name":"wp","href":"https:\/\/api.w.org\/{rel}","templated":true}]}}